{"id":9279,"date":"2026-01-23T09:01:20","date_gmt":"2026-01-23T08:01:20","guid":{"rendered":"https:\/\/valgrai.eu\/?page_id=9279"},"modified":"2026-01-23T08:59:42","modified_gmt":"2026-01-23T07:59:42","slug":"projects","status":"publish","type":"page","link":"https:\/\/valgrai.eu\/en\/projects\/","title":{"rendered":"Projects"},"content":{"rendered":"[vc_row type=&#8221;full_width_background&#8221; full_screen_row_position=&#8221;middle&#8221; column_margin=&#8221;default&#8221; equal_height=&#8221;yes&#8221; content_placement=&#8221;middle&#8221; column_direction=&#8221;default&#8221; column_direction_tablet=&#8221;default&#8221; column_direction_phone=&#8221;default&#8221; bg_image=&#8221;2279&#8243; bg_position=&#8221;left top&#8221; background_image_loading=&#8221;default&#8221; bg_repeat=&#8221;no-repeat&#8221; scene_position=&#8221;center&#8221; bottom_padding=&#8221;80&#8243; text_color=&#8221;dark&#8221; text_align=&#8221;left&#8221; row_border_radius=&#8221;none&#8221; row_border_radius_applies=&#8221;bg&#8221; overflow=&#8221;visible&#8221; class=&#8221;cabecera&#8221; overlay_strength=&#8221;0.3&#8243; gradient_direction=&#8221;left_to_right&#8221; shape_divider_position=&#8221;bottom&#8221; bg_image_animation=&#8221;none&#8221; parallax_bg=&#8221;true&#8221; parallax_bg_speed=&#8221;fast&#8221; gradient_type=&#8221;default&#8221; shape_type=&#8221;&#8221;][vc_column column_padding=&#8221;no-extra-padding&#8221; column_padding_tablet=&#8221;inherit&#8221; column_padding_phone=&#8221;inherit&#8221; column_padding_position=&#8221;all&#8221; column_element_direction_desktop=&#8221;default&#8221; column_element_spacing=&#8221;default&#8221; desktop_text_alignment=&#8221;default&#8221; tablet_text_alignment=&#8221;default&#8221; phone_text_alignment=&#8221;default&#8221; background_color_opacity=&#8221;1&#8243; background_hover_color_opacity=&#8221;1&#8243; column_backdrop_filter=&#8221;none&#8221; column_shadow=&#8221;none&#8221; column_border_radius=&#8221;none&#8221; column_link_target=&#8221;_self&#8221; column_position=&#8221;default&#8221; gradient_direction=&#8221;left_to_right&#8221; overlay_strength=&#8221;0.3&#8243; width=&#8221;2\/3&#8243; tablet_width_inherit=&#8221;default&#8221; animation_type=&#8221;default&#8221; enable_animation=&#8221;true&#8221; animation=&#8221;slight-fade-in-from-bottom&#8221; animation_easing=&#8221;default&#8221; bg_image_animation=&#8221;none&#8221; border_type=&#8221;simple&#8221; column_border_width=&#8221;none&#8221; column_border_style=&#8221;solid&#8221; column_padding_type=&#8221;default&#8221; gradient_type=&#8221;default&#8221;][vc_custom_heading source=&#8221;post_title&#8221; font_container=&#8221;tag:h1|font_size:60|text_align:left|color:%23ffffff|line_height:65px&#8221; use_theme_fonts=&#8221;yes&#8221; css=&#8221;.vc_custom_1684405608530{margin-bottom: 30px !important;}&#8221;][nectar_responsive_text text_color=&#8221;#ffffff&#8221; font_size_desktop=&#8221;24px&#8221; font_line_height=&#8221;28px&#8221; class_name=&#8221;fw500&#8243; text_direction=&#8221;default&#8221;]Lorem ipsum[\/nectar_responsive_text][\/vc_column][\/vc_row][vc_row type=&#8221;in_container&#8221; full_screen_row_position=&#8221;middle&#8221; column_margin=&#8221;50px&#8221; column_direction=&#8221;default&#8221; column_direction_tablet=&#8221;default&#8221; column_direction_phone=&#8221;default&#8221; scene_position=&#8221;center&#8221; top_padding=&#8221;80&#8243; bottom_padding=&#8221;50&#8243; text_color=&#8221;dark&#8221; text_align=&#8221;left&#8221; row_border_radius=&#8221;none&#8221; row_border_radius_applies=&#8221;bg&#8221; overflow=&#8221;visible&#8221; id=&#8221;eventos&#8221; overlay_strength=&#8221;0.3&#8243; gradient_direction=&#8221;left_to_right&#8221; shape_divider_position=&#8221;bottom&#8221; bg_image_animation=&#8221;none&#8221; gradient_type=&#8221;default&#8221; shape_type=&#8221;&#8221;][vc_column top_padding_desktop=&#8221;30&#8243; bottom_padding_desktop=&#8221;30&#8243; left_padding_desktop=&#8221;30&#8243; constrain_group_101=&#8221;yes&#8221; right_padding_desktop=&#8221;30&#8243; column_element_direction_desktop=&#8221;default&#8221; column_element_spacing=&#8221;default&#8221; desktop_text_alignment=&#8221;default&#8221; tablet_text_alignment=&#8221;default&#8221; phone_text_alignment=&#8221;default&#8221; background_color=&#8221;#f2f2f2&#8243; background_color_opacity=&#8221;1&#8243; background_hover_color_opacity=&#8221;1&#8243; column_backdrop_filter=&#8221;none&#8221; column_shadow=&#8221;none&#8221; column_border_radius=&#8221;none&#8221; column_link_target=&#8221;_self&#8221; column_position=&#8221;default&#8221; gradient_direction=&#8221;left_to_right&#8221; overlay_strength=&#8221;0.3&#8243; width=&#8221;1\/4&#8243; tablet_width_inherit=&#8221;default&#8221; animation_type=&#8221;default&#8221; enable_animation=&#8221;true&#8221; animation=&#8221;slight-fade-in-from-bottom&#8221; animation_easing=&#8221;default&#8221; bg_image_animation=&#8221;none&#8221; border_type=&#8221;simple&#8221; column_border_width=&#8221;none&#8221; column_border_style=&#8221;solid&#8221; column_padding_type=&#8221;advanced&#8221; gradient_type=&#8221;default&#8221;][nectar_responsive_text text_direction=&#8221;default&#8221;]<form data-sf-form-id='9287' data-is-rtl='0' data-maintain-state='' data-results-url='https:\/\/valgrai.eu\/en\/projects' data-ajax-url='https:\/\/valgrai.eu\/en\/projects?sf_data=all' data-ajax-form-url='https:\/\/valgrai.eu\/en\/?sfid=9287&amp;sf_action=get_data&amp;sf_data=form' data-display-result-method='custom' data-use-history-api='1' data-template-loaded='0' data-lang-code='en' data-ajax='1' data-ajax-data-type='html' data-ajax-links-selector='.pagination a' data-ajax-target='.items' data-ajax-pagination-type='infinite_scroll' data-show-scroll-loader='1' data-infinite-scroll-trigger='-100' data-update-ajax-url='1' data-only-results-ajax='1' data-scroll-to-pos='0' data-init-paged='1' data-auto-update='' data-auto-count='1' action='https:\/\/valgrai.eu\/en\/projects' method='post' class='searchandfilter' id='search-filter-form-9287' autocomplete='off' data-instance-count='1'><ul><li class=\"sf-field-search\" data-sf-field-name=\"search\" data-sf-field-type=\"search\" data-sf-field-input-type=\"\">\t\t<label>\n\t\t\t\t   <input placeholder=\"Buscar\" name=\"_sf_search[]\" class=\"sf-input-text\" type=\"text\" value=\"\" title=\"\"><\/label>\t\t<\/li><li class=\"sf-field-taxonomy-tipo\" data-sf-field-name=\"_sft_tipo\" data-sf-field-type=\"taxonomy\" data-sf-field-input-type=\"select\"><h4>Type<\/h4>\t\t<label>\n\t\t\t\t   \t\t<select name=\"_sft_tipo[]\" class=\"sf-input-select\" title=\"\">\n\t\t\t\t\t\t  \t\t\t<option class=\"sf-level-0 sf-item-0 sf-option-active\" selected=\"selected\" data-sf-count=\"0\" data-sf-depth=\"0\" value=\"\">All<\/option>\n\t\t\t\t\t\t\t\t\t\t\t<option class=\"sf-level-0 sf-item-4097\" data-sf-count=\"7\" data-sf-depth=\"0\" value=\"proyecto-de-investigacion\">Proyecto de investigaci\u00f3n<\/option>\n\t\t\t\t\t\t\t\t\t\t\t<\/select><\/label>\t\t\t\t\t\t\t\t\t\t<\/li><li class=\"sf-field-taxonomy-ambito\" data-sf-field-name=\"_sft_ambito\" data-sf-field-type=\"taxonomy\" data-sf-field-input-type=\"select\"><h4>Scope<\/h4>\t\t<label>\n\t\t\t\t   \t\t<select name=\"_sft_ambito[]\" class=\"sf-input-select\" title=\"\">\n\t\t\t\t\t\t  \t\t\t<\/select><\/label>\t\t\t\t\t\t\t\t\t\t<\/li><li class=\"sf-field-post-meta-ano\" data-sf-field-name=\"_sfm_ano\" data-sf-field-type=\"post_meta\" data-sf-field-input-type=\"range-slider\" data-sf-meta-type=\"number\"><h4>Year<\/h4>\t\t<div  data-start-min=\"2023\" data-start-max=\"2025\" data-start-min-formatted=\"2023\" data-start-max-formatted=\"2025\" data-min=\"2023\" data-max=\"2025\" data-min-formatted=\"2023\" data-max-formatted=\"2025\" data-step=\"1\" data-decimal-places=\"0\" data-thousand-seperator=\"\" data-decimal-seperator=\".\" data-display-values-as=\"textinput\" data-sf-field-name=\"_sfm_ano\" class=\"sf-meta-range sf-meta-range-slider\">\n\t\t\n\t\t\t\t\t<label>\n\t\t\t\t   <input class=\"sf-input-range-number sf-range-min sf-input-number\" min=\"2023\" max=\"2025\" step=\"1\" name=\"_sfm_ano[]\" type=\"number\" value=\"2023\" title=\"\"><\/label>\t\t<span class=\"sf-range-values-seperator\"> - <\/span>\t\t<label>\n\t\t\t\t   <input class=\"sf-input-range-number sf-range-max sf-input-number\" min=\"2023\" max=\"2025\" step=\"1\" name=\"_sfm_ano[]\" type=\"number\" value=\"2025\" title=\"\"><\/label>\t\t\t\t\t\n\t\t\t<div class=\"meta-slider\"><\/div>\n\t\t<\/div>\n\t\t<\/li><li class=\"sf-field-submit\" data-sf-field-name=\"submit\" data-sf-field-type=\"submit\" data-sf-field-input-type=\"\"><input type=\"submit\" name=\"_sf_submit\" value=\"Search\"><\/li><\/ul><\/form>[\/nectar_responsive_text][\/vc_column][vc_column column_padding=&#8221;no-extra-padding&#8221; column_padding_tablet=&#8221;inherit&#8221; column_padding_phone=&#8221;inherit&#8221; column_padding_position=&#8221;all&#8221; column_element_direction_desktop=&#8221;default&#8221; column_element_spacing=&#8221;default&#8221; desktop_text_alignment=&#8221;default&#8221; tablet_text_alignment=&#8221;default&#8221; phone_text_alignment=&#8221;default&#8221; background_color_opacity=&#8221;1&#8243; background_hover_color_opacity=&#8221;1&#8243; column_backdrop_filter=&#8221;none&#8221; column_shadow=&#8221;none&#8221; column_border_radius=&#8221;none&#8221; column_link_target=&#8221;_self&#8221; column_position=&#8221;default&#8221; gradient_direction=&#8221;left_to_right&#8221; overlay_strength=&#8221;0.3&#8243; width=&#8221;3\/4&#8243; tablet_width_inherit=&#8221;default&#8221; animation_type=&#8221;default&#8221; bg_image_animation=&#8221;none&#8221; border_type=&#8221;simple&#8221; column_border_width=&#8221;none&#8221; column_border_style=&#8221;solid&#8221;][vc_row_inner column_margin=&#8221;default&#8221; column_direction=&#8221;default&#8221; column_direction_tablet=&#8221;default&#8221; column_direction_phone=&#8221;default&#8221; text_align=&#8221;left&#8221; row_position=&#8221;default&#8221; row_position_tablet=&#8221;inherit&#8221; row_position_phone=&#8221;inherit&#8221; overflow=&#8221;visible&#8221; pointer_events=&#8221;all&#8221;][vc_column_inner column_padding=&#8221;no-extra-padding&#8221; column_padding_tablet=&#8221;inherit&#8221; column_padding_phone=&#8221;inherit&#8221; column_padding_position=&#8221;all&#8221; column_element_direction_desktop=&#8221;default&#8221; column_element_spacing=&#8221;default&#8221; desktop_text_alignment=&#8221;default&#8221; tablet_text_alignment=&#8221;default&#8221; phone_text_alignment=&#8221;default&#8221; background_color_opacity=&#8221;1&#8243; background_hover_color_opacity=&#8221;1&#8243; column_backdrop_filter=&#8221;none&#8221; column_shadow=&#8221;none&#8221; column_border_radius=&#8221;none&#8221; column_link_target=&#8221;_self&#8221; overflow=&#8221;visible&#8221; gradient_direction=&#8221;left_to_right&#8221; overlay_strength=&#8221;0.3&#8243; width=&#8221;1\/1&#8243; tablet_width_inherit=&#8221;default&#8221; animation_type=&#8221;default&#8221; bg_image_animation=&#8221;none&#8221; border_type=&#8221;simple&#8221; column_border_width=&#8221;none&#8221; column_border_style=&#8221;solid&#8221;][vc_column_text text_direction=&#8221;default&#8221;]Lorem ipsum dolor sit amet.[\/vc_column_text][\/vc_column_inner][\/vc_row_inner][nectar_responsive_text text_color=&#8221;#ffffff&#8221; font_size_desktop=&#8221;24px&#8221; font_line_height=&#8221;28px&#8221; class_name=&#8221;fw500&#8243; text_direction=&#8221;default&#8221;]<div class=\"items\"><div class=\"item\"><div class=\"th\"><a class=\"boton\" href=\"https:\/\/valgrai.eu\/en\/proyecto\/ecodrive-termspace\/\"><img decoding=\"async\" src=\"https:\/\/valgrai.eu\/wp-content\/uploads\/2026\/01\/UMDH-300x200.png\"\/><\/a><\/div><div class=\"content-item\"><div class=\"title\"><h2>EcoDrive TermSpace: tecnolog\u00eda ling\u00fc\u00edstica para una movilidad m\u00e1s sostenible<\/h2><\/div><div class=\"info-fields\"><\/div><div class=\"read-more\"><a class=\"boton\" href=\"https:\/\/valgrai.eu\/en\/proyecto\/ecodrive-termspace\/\">More info<\/a><\/div><\/div><\/div><div class=\"item\"><div class=\"th\"><a class=\"boton\" href=\"https:\/\/valgrai.eu\/en\/proyecto\/expert-brain\/\"><img decoding=\"async\" src=\"https:\/\/valgrai.eu\/wp-content\/uploads\/2026\/01\/Designer-9-300x200.png\"\/><\/a><\/div><div class=\"content-item\"><div class=\"title\"><h2>Expert Brain: Desarrollo de nuevas tecnolog\u00edas IA h\u00edbrido cognitivas y su aplicaci\u00f3n en los procesos productivos industriales de \u00faltima generaci\u00f3n: industria de fabricaci\u00f3n aditiva<\/h2><\/div><div class=\"info-fields\"><\/div><div class=\"read-more\"><a class=\"boton\" href=\"https:\/\/valgrai.eu\/en\/proyecto\/expert-brain\/\">More info<\/a><\/div><\/div><\/div><div class=\"item\"><div class=\"th\"><a class=\"boton\" href=\"https:\/\/valgrai.eu\/en\/proyecto\/aiia-artificial-intelligence-innovation-alliance\/\"><img decoding=\"async\" src=\"https:\/\/valgrai.eu\/wp-content\/uploads\/2026\/02\/AIIA-1-300x200.jpg\"\/><\/a><\/div><div class=\"content-item\"><div class=\"title\"><h2>AIIA: Artificial Intelligence Innovation Alliance<\/h2><\/div><div class=\"info-fields\"><\/div><div class=\"read-more\"><a class=\"boton\" href=\"https:\/\/valgrai.eu\/en\/proyecto\/aiia-artificial-intelligence-innovation-alliance\/\">More info<\/a><\/div><\/div><\/div><div class=\"item\"><div class=\"th\"><a class=\"boton\" href=\"https:\/\/valgrai.eu\/en\/proyecto\/umdh\/\"><img decoding=\"async\" src=\"https:\/\/valgrai.eu\/wp-content\/uploads\/2026\/01\/UMDH-1-300x200.png\"\/><\/a><\/div><div class=\"content-item\"><div class=\"title\"><h2>Urban Mobility Data Hub. Centro de datos de movilidad urbana para la futura plataforma interoperable de conducci\u00f3n aut\u00f3noma de la ciudad de Valencia.<\/h2><\/div><div class=\"info-fields\"><\/div><div class=\"read-more\"><a class=\"boton\" href=\"https:\/\/valgrai.eu\/en\/proyecto\/umdh\/\">More info<\/a><\/div><\/div><\/div><div class=\"item\"><div class=\"th\"><a class=\"boton\" href=\"https:\/\/valgrai.eu\/en\/proyecto\/revital-ia\/\"><img decoding=\"async\" src=\"https:\/\/valgrai.eu\/wp-content\/uploads\/2026\/01\/Revital-IA-300x200.jpg\"\/><\/a><\/div><div class=\"content-item\"><div class=\"title\"><h2>Revital-IA: Inteligencia Artificial para la revitalizaci\u00f3n socioecon\u00f3mica de los peque\u00f1os y medianos municipios valencianos<\/h2><\/div><div class=\"info-fields\"><\/div><div class=\"read-more\"><a class=\"boton\" href=\"https:\/\/valgrai.eu\/en\/proyecto\/revital-ia\/\">More info<\/a><\/div><\/div><\/div><div class=\"item\"><div class=\"th\"><a class=\"boton\" href=\"https:\/\/valgrai.eu\/en\/proyecto\/savia\/\"><img decoding=\"async\" src=\"https:\/\/valgrai.eu\/wp-content\/uploads\/2026\/01\/Designer-10-300x200.png\"\/><\/a><\/div><div class=\"content-item\"><div class=\"title\"><h2>SAVIA: Sistema de Asistentes Virtuales por IA<\/h2><\/div><div class=\"info-fields\"><\/div><div class=\"read-more\"><a class=\"boton\" href=\"https:\/\/valgrai.eu\/en\/proyecto\/savia\/\">More info<\/a><\/div><\/div><\/div><div class=\"item\"><div class=\"th\"><a class=\"boton\" href=\"https:\/\/valgrai.eu\/en\/proyecto\/innoagent-valgrai\/\"><img decoding=\"async\" src=\"https:\/\/valgrai.eu\/wp-content\/uploads\/2026\/02\/Designer-11-300x200.png\"\/><\/a><\/div><div class=\"content-item\"><div class=\"title\"><h2>Innoagent ValgrAI: Agente de Innovaci\u00f3n de la Escola de Postgrau i Xarxa de Cetres de Investigaci\u00f3 de la Comunitat Valenciana \u2013 ValgrAI<\/h2><\/div><div class=\"info-fields\"><\/div><div class=\"read-more\"><a class=\"boton\" href=\"https:\/\/valgrai.eu\/en\/proyecto\/innoagent-valgrai\/\">More info<\/a><\/div><\/div><\/div><\/div>[\/nectar_responsive_text][\/vc_column][\/vc_row]\n","protected":false},"excerpt":{"rendered":"<p>[vc_row type=&#8221;full_width_background&#8221; full_screen_row_position=&#8221;middle&#8221; column_margin=&#8221;default&#8221; equal_height=&#8221;yes&#8221; content_placement=&#8221;middle&#8221; column_direction=&#8221;default&#8221; column_direction_tablet=&#8221;default&#8221; column_direction_phone=&#8221;default&#8221; bg_image=&#8221;2279&#8243; bg_position=&#8221;left top&#8221; background_image_loading=&#8221;default&#8221; bg_repeat=&#8221;no-repeat&#8221; scene_position=&#8221;center&#8221; bottom_padding=&#8221;80&#8243; text_color=&#8221;dark&#8221; text_align=&#8221;left&#8221; row_border_radius=&#8221;none&#8221; row_border_radius_applies=&#8221;bg&#8221; overflow=&#8221;visible&#8221; class=&#8221;cabecera&#8221; overlay_strength=&#8221;0.3&#8243; gradient_direction=&#8221;left_to_right&#8221; shape_divider_position=&#8221;bottom&#8221; bg_image_animation=&#8221;none&#8221; parallax_bg=&#8221;true&#8221; parallax_bg_speed=&#8221;fast&#8221; gradient_type=&#8221;default&#8221; shape_type=&#8221;&#8221;][vc_column&#8230;<\/p>\n","protected":false},"author":1,"featured_media":0,"parent":0,"menu_order":0,"comment_status":"closed","ping_status":"closed","template":"","meta":{"_acf_changed":false,"inline_featured_image":false,"footnotes":""},"class_list":["post-9279","page","type-page","status-publish"],"acf":[],"_links":{"self":[{"href":"https:\/\/valgrai.eu\/en\/wp-json\/wp\/v2\/pages\/9279","targetHints":{"allow":["GET"]}}],"collection":[{"href":"https:\/\/valgrai.eu\/en\/wp-json\/wp\/v2\/pages"}],"about":[{"href":"https:\/\/valgrai.eu\/en\/wp-json\/wp\/v2\/types\/page"}],"author":[{"embeddable":true,"href":"https:\/\/valgrai.eu\/en\/wp-json\/wp\/v2\/users\/1"}],"replies":[{"embeddable":true,"href":"https:\/\/valgrai.eu\/en\/wp-json\/wp\/v2\/comments?post=9279"}],"version-history":[{"count":2,"href":"https:\/\/valgrai.eu\/en\/wp-json\/wp\/v2\/pages\/9279\/revisions"}],"predecessor-version":[{"id":9289,"href":"https:\/\/valgrai.eu\/en\/wp-json\/wp\/v2\/pages\/9279\/revisions\/9289"}],"wp:attachment":[{"href":"https:\/\/valgrai.eu\/en\/wp-json\/wp\/v2\/media?parent=9279"}],"curies":[{"name":"wp","href":"https:\/\/api.w.org\/{rel}","templated":true}]}}