{"id":7536,"date":"2025-04-09T15:21:24","date_gmt":"2025-04-09T13:21:24","guid":{"rendered":"https:\/\/valgrai.eu\/producto\/microcredencial-1-en-inteligencia-artificial-y-presentacione-efectivas\/"},"modified":"2025-12-03T12:36:26","modified_gmt":"2025-12-03T11:36:26","slug":"microcredencial-1-en-inteligencia-artificial-y-presentacione-efectivas","status":"publish","type":"product","link":"https:\/\/valgrai.eu\/en\/product\/microcredencial-1-en-inteligencia-artificial-y-presentacione-efectivas\/","title":{"rendered":"Microcredencial Universitaria en Presentaciones efectivas usando inteligencia artificial"},"content":{"rendered":"[vc_row type=&#8221;in_container&#8221; full_screen_row_position=&#8221;middle&#8221; column_margin=&#8221;default&#8221; column_direction=&#8221;default&#8221; column_direction_tablet=&#8221;default&#8221; column_direction_phone=&#8221;default&#8221; scene_position=&#8221;center&#8221; text_color=&#8221;dark&#8221; text_align=&#8221;left&#8221; row_border_radius=&#8221;none&#8221; row_border_radius_applies=&#8221;bg&#8221; overflow=&#8221;visible&#8221; overlay_strength=&#8221;0.3&#8243; gradient_direction=&#8221;left_to_right&#8221; shape_divider_position=&#8221;bottom&#8221; bg_image_animation=&#8221;none&#8221;][vc_column column_padding=&#8221;no-extra-padding&#8221; column_padding_tablet=&#8221;inherit&#8221; column_padding_phone=&#8221;inherit&#8221; column_padding_position=&#8221;all&#8221; column_element_direction_desktop=&#8221;default&#8221; column_element_spacing=&#8221;default&#8221; desktop_text_alignment=&#8221;default&#8221; tablet_text_alignment=&#8221;default&#8221; phone_text_alignment=&#8221;default&#8221; background_color_opacity=&#8221;1&#8243; background_hover_color_opacity=&#8221;1&#8243; column_backdrop_filter=&#8221;none&#8221; column_shadow=&#8221;none&#8221; column_border_radius=&#8221;none&#8221; column_link_target=&#8221;_self&#8221; column_position=&#8221;default&#8221; gradient_direction=&#8221;left_to_right&#8221; overlay_strength=&#8221;0.3&#8243; width=&#8221;1\/1&#8243; tablet_width_inherit=&#8221;default&#8221; animation_type=&#8221;default&#8221; bg_image_animation=&#8221;none&#8221; border_type=&#8221;simple&#8221; column_border_width=&#8221;none&#8221; column_border_style=&#8221;solid&#8221;][vc_column_text text_direction=&#8221;default&#8221;]Crea presentaciones efectivas mediante el uso de herramientas de inteligencia artificial para mejorar creatividad, eficiencia y atractivo visual.<\/p>\n<p>En esta microcredencial conocer\u00e1s diferentes t\u00e9cnicas que te ayudar\u00e1n a mejorar la forma en la que presentas informaci\u00f3n a trav\u00e9s de presentaciones, ya sea en un entorno laboral o acad\u00e9mico. Tambi\u00e9n aprender\u00e1s a utilizar herramientas de inteligencia artificial\u00a0que te\u00a0permitir\u00e1n\u00a0generar diapositivas de forma m\u00e1s r\u00e1pida y eficaz, as\u00ed como las funcionalidades de IA que incorporan otras aplicaciones tan usadas como Canva o Prezi.<\/p>\n<p><strong>Objetivos y metodolog\u00eda<\/strong><\/p>\n<ul>\n<li>Desarrollar habilidades en el dise\u00f1o de presentaciones efectivas:<br \/>\nConceptualizar y estructurar ideas complejas de forma clara y profesional.<br \/>\nIdentificar el p\u00fablico objetivo y adaptar el mensaje de manera adecuada.<\/li>\n<li>Dominar el uso de herramientas de IA para presentaciones:<br \/>\nAplicar t\u00e9cnicas avanzadas de dise\u00f1o con herramientas generativas de IA (Prezi, Canva, ChatGPT, generadores de im\u00e1genes, etc.).<br \/>\nIntegrar IA en el proceso creativo para optimizar la narrativa y la est\u00e9tica de las presentaciones.<\/li>\n<li>Mejorar la comunicaci\u00f3n visual y narrativa:<br \/>\nIncorporar t\u00e9cnicas de storytelling y dise\u00f1o visual (como el dise\u00f1o Zen) para cautivar a la audiencia.<br \/>\nAplicar mejores pr\u00e1cticas en la creaci\u00f3n de contenidos atractivos y efectivos.<\/li>\n<li>Impulsar la aplicabilidad profesional:<br \/>\nCrear presentaciones que combinen rigor profesional y capacidad de persuasi\u00f3n.<br \/>\nPotenciar la capacidad de comunicar ideas innovadoras utilizando tecnolog\u00eda de vanguardia.<\/li>\n<\/ul>\n<p>El aprendizaje se llevar\u00e1 a cabo mediante tres sesiones semanales te\u00f3rico-pr\u00e1cticas en modalidad virtual s\u00edncrona en los d\u00edas y horarios que pod\u00e9is encontrar en el apartado &#8220;Calendario&#8221;.<\/p>\n<p><strong>Carga lectiva<\/strong><\/p>\n<p>2\u00a0cr\u00e9ditos ECTS.<\/p>\n<p><strong>Modalidad<\/strong><\/p>\n<p>Virtual.<\/p>\n<p><strong>Fechas<\/strong><\/p>\n<p>\u00a1Pr\u00f3ximamente!<\/p>\n<p><strong>Lugar<\/strong><\/p>\n<p>Aula virtual.<\/p>\n<p><strong>Calendario<\/strong><\/p>\n<p>Mayo: 5 (3 h), 7 (2 h), 9 (2 h), 12 (2 h), 13 (2 h), 15 (3 h), 20 (3 h), 23 (3 h).<br \/>\nHorario: sesiones de 3 horas de 15\u00a0a 18\u00a0h; sesiones de 2 horas de 15\u00a0a 17\u00a0h.<\/p>\n<p><strong>Dirigido a<\/strong><\/p>\n<p>Personas\u00a0entre 25 y 64 a\u00f1os, cumplidos a fecha de inicio del curso, con\u00a0inter\u00e9s o necesidad profesional en la creaci\u00f3n de presentaciones (docentes, estudiantes, profesionales de negocios, etc.). Se recomienda estar familiarizadas con el uso de computadores y aplicaciones b\u00e1sicas para la creaci\u00f3n de contenidos\u00a0(como PowerPoint, Google Slides o herramientas similares).<\/p>\n<p><strong>Direcci\u00f3n acad\u00e9mica<\/strong><\/p>\n<p>Ismael Sanz Blasco (Direcci\u00f3n)<br \/>\nLled\u00f3 Museros Cabedo (Codirecci\u00f3n)<br \/>\nDepto. de\u00a0Ingenier\u00eda y Ciencias de los Computadores de la Universitat Jaume I.<\/p>\n<p><strong>Profesorado<\/strong><\/p>\n<ul>\n<li><strong>Ismael Sanz Blasco<\/strong><br \/>\nDepto. de\u00a0Ingenier\u00eda y Ciencias de los Computadores de la Universitat Jaume I.<\/li>\n<li><strong>Lled\u00f3 Museros Cabedo<\/strong><br \/>\nDepto. de\u00a0Ingenier\u00eda y Ciencias de los Computadores de la Universitat Jaume I.<\/li>\n<li><strong>Reyes\u00a0Grangel Seguer<\/strong><br \/>\nDepto. de Lenguajes y Sistemas Inform\u00e1ticos\u00a0de la Universitat Jaume I.<\/li>\n<\/ul>\n<p><strong>Inscripci\u00f3n<\/strong><\/p>\n<p>\u00a1Pr\u00f3ximamente![\/vc_column_text][\/vc_column][\/vc_row]\n","protected":false},"excerpt":{"rendered":"<p>[vc_row type=&#8221;in_container&#8221; full_screen_row_position=&#8221;middle&#8221; column_margin=&#8221;default&#8221; column_direction=&#8221;default&#8221; column_direction_tablet=&#8221;default&#8221; column_direction_phone=&#8221;default&#8221; scene_position=&#8221;center&#8221; text_color=&#8221;dark&#8221; text_align=&#8221;left&#8221; row_border_radius=&#8221;none&#8221; row_border_radius_applies=&#8221;bg&#8221; overflow=&#8221;visible&#8221; overlay_strength=&#8221;0.3&#8243; gradient_direction=&#8221;left_to_right&#8221; shape_divider_position=&#8221;bottom&#8221; bg_image_animation=&#8221;none&#8221;][vc_column column_padding=&#8221;no-extra-padding&#8221; column_padding_tablet=&#8221;inherit&#8221; column_padding_phone=&#8221;inherit&#8221; column_padding_position=&#8221;all&#8221; column_element_direction_desktop=&#8221;default&#8221; column_element_spacing=&#8221;default&#8221; desktop_text_alignment=&#8221;default&#8221; tablet_text_alignment=&#8221;default&#8221; phone_text_alignment=&#8221;default&#8221; background_color_opacity=&#8221;1&#8243; background_hover_color_opacity=&#8221;1&#8243; column_backdrop_filter=&#8221;none&#8221; column_shadow=&#8221;none&#8221;&#8230;<\/p>\n","protected":false},"featured_media":7571,"template":"","meta":{"_acf_changed":false,"inline_featured_image":false},"product_brand":[],"product_cat":[68],"product_tag":[4026,3527,4025,4022,4021,4023,4024],"class_list":{"0":"post-7536","1":"product","2":"type-product","3":"status-publish","4":"has-post-thumbnail","6":"product_cat-courses","7":"product_tag-ia","8":"product_tag-inteligencia-artificial","9":"product_tag-microcredenciales","10":"product_tag-presentaciones","11":"product_tag-presentaciones-efectivas","12":"product_tag-uji","13":"product_tag-universitat-jaume-i","15":"first","16":"instock","17":"shipping-taxable","18":"product-type-simple"},"acf":[],"_links":{"self":[{"href":"https:\/\/valgrai.eu\/en\/wp-json\/wp\/v2\/product\/7536","targetHints":{"allow":["GET"]}}],"collection":[{"href":"https:\/\/valgrai.eu\/en\/wp-json\/wp\/v2\/product"}],"about":[{"href":"https:\/\/valgrai.eu\/en\/wp-json\/wp\/v2\/types\/product"}],"wp:featuredmedia":[{"embeddable":true,"href":"https:\/\/valgrai.eu\/en\/wp-json\/wp\/v2\/media\/7571"}],"wp:attachment":[{"href":"https:\/\/valgrai.eu\/en\/wp-json\/wp\/v2\/media?parent=7536"}],"wp:term":[{"taxonomy":"product_brand","embeddable":true,"href":"https:\/\/valgrai.eu\/en\/wp-json\/wp\/v2\/product_brand?post=7536"},{"taxonomy":"product_cat","embeddable":true,"href":"https:\/\/valgrai.eu\/en\/wp-json\/wp\/v2\/product_cat?post=7536"},{"taxonomy":"product_tag","embeddable":true,"href":"https:\/\/valgrai.eu\/en\/wp-json\/wp\/v2\/product_tag?post=7536"}],"curies":[{"name":"wp","href":"https:\/\/api.w.org\/{rel}","templated":true}]}}